{"id":2,"date":"2013-08-08T07:49:27","date_gmt":"2013-08-08T07:49:27","guid":{"rendered":"http:\/\/kaduk.us\/?page_id=2"},"modified":"2013-08-08T21:02:05","modified_gmt":"2013-08-08T20:02:05","slug":"sample-page","status":"publish","type":"page","link":"http:\/\/kaduk.us\/?page_id=2","title":{"rendered":"About me"},"content":{"rendered":"<p><a href=\"https:\/\/i0.wp.com\/kaduk.us\/wp-content\/uploads\/2013\/08\/ja_w_kocich_zebach.jpg\" target=\"_blank\"><img loading=\"lazy\" class=\"size-medium wp-image-6 alignleft\" style=\"border: 5px solid black; margin: 5px;\" alt=\"ja_w_kocich_zebach\" src=\"https:\/\/i0.wp.com\/kaduk.us\/wp-content\/uploads\/2013\/08\/ja_w_kocich_zebach.jpg?resize=300%2C225\" width=\"300\" height=\"225\" srcset=\"https:\/\/i0.wp.com\/kaduk.us\/wp-content\/uploads\/2013\/08\/ja_w_kocich_zebach.jpg?resize=300%2C225 300w, https:\/\/i0.wp.com\/kaduk.us\/wp-content\/uploads\/2013\/08\/ja_w_kocich_zebach.jpg?resize=280%2C210 280w, https:\/\/i0.wp.com\/kaduk.us\/wp-content\/uploads\/2013\/08\/ja_w_kocich_zebach.jpg?w=600 600w\" sizes=\"(max-width: 300px) 100vw, 300px\" data-recalc-dims=\"1\" \/><\/a><strong>I was born in 1949 in Warsaw. I graduated the <a class=\"ml-smartlink\" href=\"http:\/\/en.wikipedia.org\/wiki\/Nicolaus_Copernicus\">Nicolaus Copernicus<\/a> High School in Warsaw, a UNESCO-affiliated educational establishment with English as the teaching medium.<\/strong><br \/>\n<strong> I studied at the Central School of Planning and Statistics (today: <a class=\"ml-smartlink\" href=\"http:\/\/en.wikipedia.org\/wiki\/Warsaw_School_of_Economics\">Warsaw School of Economics<\/a>) (1967-1971) and at the Department of Law and Administration of Warsaw University, graduating the latter in 1975.<\/strong><br \/>\n<strong> In 1977-1980 I did a research project on late medieval culture at the Institute of History of the Polish Academy of Sciences under the academic guidance of Professor Bronis\u0142aw Geremek. In 1982-1983 I continued research work on a scholarship from the underground Solidarity trade union.<\/strong><br \/>\n<strong> In 1981 I was on the staff of the Social Research Centre of the Mazowsze Chapter of Solidarity and of the Solidarno\u015b\u0107 weekly. Following the proclamation of martial law I took a job with a monthly Pomoc Spo\u0142eczna and thereafter I worked as journalist for the Pow\u015bci\u0105gliwo\u015b\u0107 i Praca monthly (1989-1990) and contributed reviews to a bi-weekly \u015awiat I Ksi\u0105\u017cka.<\/strong><br \/>\n<strong> In 1990 I co-founded a publishing house Dom Wydawniczy Dominus and took over as its chief editor. A year later I set up my own consulting firm and I became a receiver in bankruptcy. In 1992 I published my book Sprawd\u017a, czy jeste\u015b w\u0142a\u015bcicielem [Check Your Ownership Title].<\/strong><br \/>\n<strong> In 1995 I was the secretary and a journalist of a local monthly Kocham Prag\u0119.<\/strong><br \/>\n<strong> In 1996-1999 I was a freelance contributor and, later, a staff member of Gazeta Prawna and a journalist of Dziennik Prawa i Gospodarki.<\/strong><br \/>\n<strong> Since 2000 I have been a free agent. I have cooperated with an English-language monthly What\u2019s up in Warsaw covering galleries, exhibitions, photography events and creative efforts of young artists. I invented and developed a <a class=\"ml-smartlink\" href=\"http:\/\/en.wikipedia.org\/wiki\/Cartoon_character\">cartoon character<\/a> Janek Nuda [Jack Boredom] who featured in a <a href=\"http:\/\/www.twozywo.art.pl\/\" target=\"_blank\">Two\u017cywo Group<\/a> serial Kapitan Europa [Captain Europe] in an episode Rozkaz [Yes, sir.]<\/strong><\/p>\n<div class=\"sharedaddy sd-sharing-enabled\"><div class=\"robots-nocontent sd-block sd-social sd-social-icon-text sd-sharing\"><h3 class=\"sd-title\">Share this:<\/h3><div class=\"sd-content\"><ul><li class=\"share-facebook\"><a rel=\"nofollow noopener noreferrer\" data-shared=\"sharing-facebook-2\" class=\"share-facebook sd-button share-icon\" href=\"http:\/\/kaduk.us\/?page_id=2&amp;share=facebook\" target=\"_blank\" title=\"Click to share on Facebook\"><span>Facebook<\/span><\/a><\/li><li class=\"share-twitter\"><a rel=\"nofollow noopener noreferrer\" data-shared=\"sharing-twitter-2\" class=\"share-twitter sd-button share-icon\" href=\"http:\/\/kaduk.us\/?page_id=2&amp;share=twitter\" target=\"_blank\" title=\"Click to share on Twitter\"><span>Twitter<\/span><\/a><\/li><li class=\"share-linkedin\"><a rel=\"nofollow noopener noreferrer\" data-shared=\"sharing-linkedin-2\" class=\"share-linkedin sd-button share-icon\" href=\"http:\/\/kaduk.us\/?page_id=2&amp;share=linkedin\" target=\"_blank\" title=\"Click to share on LinkedIn\"><span>LinkedIn<\/span><\/a><\/li><li class=\"share-reddit\"><a rel=\"nofollow noopener noreferrer\" data-shared=\"\" class=\"share-reddit sd-button share-icon\" href=\"http:\/\/kaduk.us\/?page_id=2&amp;share=reddit\" target=\"_blank\" title=\"Click to share on Reddit\"><span>Reddit<\/span><\/a><\/li><li class=\"share-skype\"><a rel=\"nofollow noopener noreferrer\" data-shared=\"sharing-skype-2\" class=\"share-skype sd-button share-icon\" href=\"http:\/\/kaduk.us\/?page_id=2&amp;share=skype\" target=\"_blank\" title=\"Click to share on Skype\"><span>Skype<\/span><\/a><\/li><li class=\"share-end\"><\/li><\/ul><\/div><\/div><\/div>","protected":false},"excerpt":{"rendered":"<p>I was born in 1949 in Warsaw. I graduated the Nicolaus Copernicus High School in Warsaw, a UNESCO-affiliated educational establishment&#8230;<\/p>\n<div class=\"sharedaddy sd-sharing-enabled\"><div class=\"robots-nocontent sd-block sd-social sd-social-icon-text sd-sharing\"><h3 class=\"sd-title\">Share this:<\/h3><div class=\"sd-content\"><ul><li class=\"share-facebook\"><a rel=\"nofollow noopener noreferrer\" data-shared=\"sharing-facebook-2\" class=\"share-facebook sd-button share-icon\" href=\"http:\/\/kaduk.us\/?page_id=2&amp;share=facebook\" target=\"_blank\" title=\"Click to share on Facebook\"><span>Facebook<\/span><\/a><\/li><li class=\"share-twitter\"><a rel=\"nofollow noopener noreferrer\" data-shared=\"sharing-twitter-2\" class=\"share-twitter sd-button share-icon\" href=\"http:\/\/kaduk.us\/?page_id=2&amp;share=twitter\" target=\"_blank\" title=\"Click to share on Twitter\"><span>Twitter<\/span><\/a><\/li><li class=\"share-linkedin\"><a rel=\"nofollow noopener noreferrer\" data-shared=\"sharing-linkedin-2\" class=\"share-linkedin sd-button share-icon\" href=\"http:\/\/kaduk.us\/?page_id=2&amp;share=linkedin\" target=\"_blank\" title=\"Click to share on LinkedIn\"><span>LinkedIn<\/span><\/a><\/li><li class=\"share-reddit\"><a rel=\"nofollow noopener noreferrer\" data-shared=\"\" class=\"share-reddit sd-button share-icon\" href=\"http:\/\/kaduk.us\/?page_id=2&amp;share=reddit\" target=\"_blank\" title=\"Click to share on Reddit\"><span>Reddit<\/span><\/a><\/li><li class=\"share-skype\"><a rel=\"nofollow noopener noreferrer\" data-shared=\"sharing-skype-2\" class=\"share-skype sd-button share-icon\" href=\"http:\/\/kaduk.us\/?page_id=2&amp;share=skype\" target=\"_blank\" title=\"Click to share on Skype\"><span>Skype<\/span><\/a><\/li><li class=\"share-end\"><\/li><\/ul><\/div><\/div><\/div>","protected":false},"author":1,"featured_media":0,"parent":0,"menu_order":0,"comment_status":"open","ping_status":"open","template":"","meta":{"spay_email":""},"jetpack_sharing_enabled":true,"jetpack_shortlink":"https:\/\/wp.me\/PB3m1-2","_links":{"self":[{"href":"http:\/\/kaduk.us\/index.php?rest_route=\/wp\/v2\/pages\/2"}],"collection":[{"href":"http:\/\/kaduk.us\/index.php?rest_route=\/wp\/v2\/pages"}],"about":[{"href":"http:\/\/kaduk.us\/index.php?rest_route=\/wp\/v2\/types\/page"}],"author":[{"embeddable":true,"href":"http:\/\/kaduk.us\/index.php?rest_route=\/wp\/v2\/users\/1"}],"replies":[{"embeddable":true,"href":"http:\/\/kaduk.us\/index.php?rest_route=%2Fwp%2Fv2%2Fcomments&post=2"}],"version-history":[{"count":2,"href":"http:\/\/kaduk.us\/index.php?rest_route=\/wp\/v2\/pages\/2\/revisions"}],"predecessor-version":[{"id":7,"href":"http:\/\/kaduk.us\/index.php?rest_route=\/wp\/v2\/pages\/2\/revisions\/7"}],"wp:attachment":[{"href":"http:\/\/kaduk.us\/index.php?rest_route=%2Fwp%2Fv2%2Fmedia&parent=2"}],"curies":[{"name":"wp","href":"https:\/\/api.w.org\/{rel}","templated":true}]}}